{"id":5260,"date":"2023-07-30T14:04:30","date_gmt":"2023-07-30T17:04:30","guid":{"rendered":"http:\/\/andersonbrenda.com\/?page_id=5260"},"modified":"2023-08-07T20:11:36","modified_gmt":"2023-08-07T23:11:36","slug":"reveillon-em-uberlandia-com-anderson-e-brenda-de-2023-para-2024-duplicate-1","status":"publish","type":"page","link":"https:\/\/andersonbrenda.com\/en\/reveillon-em-uberlandia-com-anderson-e-brenda-de-2023-para-2024-duplicate-1\/","title":{"rendered":"Reveillon em Uberl\u00e2ndia com Anderson e Brenda de 2023 &#8211; Estou no ALD"},"content":{"rendered":"<p style=\"text-align: center;\"><strong>Voc\u00ea acaba de ganhar <\/strong><strong><span style=\"text-decoration: underline;\">R$400 de desconto<\/span><\/strong><strong> no<\/strong><\/p>\n<p><span style=\"\"><img decoding=\"async\" alt=\"\" data-id=\"4889\" width=\"496\" data-init-width=\"953\" height=\"265\" data-init-height=\"510\" title=\"logoReveillon\" loading=\"lazy\" src=\"http:\/\/andersonbrenda.com\/wp-content\/uploads\/2022\/11\/logoReveillon.png\" data-width=\"496\" data-height=\"265\" style=\"\" mt-d=\"-3.4540000000000077\" ml-d=\"0\" mt-m=\"-1.7379999999999995\" ml-m=\"-0.5\"><\/span><\/p>\n<p style=\"text-align: center;\"><strong><span style=\"--tcb-applied-color:rgb(0, 0, 0)  !important;\">OFERTA V\u00c1LIDA APENAS PARA PARTICIPANTES DO AL\u00c9M DA DAN\u00c7A<\/span><\/strong><strong><span style=\"--tcb-applied-color:rgb(0, 0, 0)  !important;\">(AT\u00c9 11 DE AGOSTO\/2023)<\/span><\/strong><\/p>\n<p style=\"text-align: center;\">ou&nbsp;<a href=\"https:\/\/www.asaas.com\/c\/102001139205\" target=\"_blank\" style=\"outline: none;\" rel=\"noopener\">Me inscrevendo sozinho(a)<\/a><\/p>\n<p style=\"text-align: center;\"><strong>Quando \u00e9? 29 de Dezembro 2023 a 02 de Janeiro de 2024<\/strong><\/p>\n<p style=\"text-align: center;\"><strong>Uma proposta para come\u00e7ar o ano renovando as energias, colocando a aten\u00e7\u00e3o naquilo que voc\u00ea quer que cres\u00e7a em sua vida. Agradecendo por cada minuto e vivendo o momento.O R\u00e9veillon, carinhosamente apelidado de Rei Le\u00e3o (pra ficar mais f\u00e1cil de falar mesmo) \u00e9 a forma que escolhemos passar o ano, nos conectando com as pessoas e renovando as energias.<\/strong><\/p>\n<p style=\"text-align: center;\"><strong>[ More details below ]<\/strong><\/p>\n<p style=\"text-align: center;\"><strong>Check the video and more information below&nbsp;<\/strong><\/p>\n<p><span><img decoding=\"async\" alt=\"\" data-id=\"5265\" width=\"220\" data-init-width=\"2349\" height=\"139\" data-init-height=\"1490\" title=\"IMG_4394\" loading=\"lazy\" src=\"http:\/\/andersonbrenda.com\/wp-content\/uploads\/2023\/07\/IMG_4394.jpg\" data-width=\"220\" data-height=\"139\"><\/span><span><img decoding=\"async\" alt=\"\" data-id=\"5266\" width=\"220\" data-init-width=\"2427\" height=\"143\" data-init-height=\"1582\" title=\"IMG_5181\" loading=\"lazy\" src=\"http:\/\/andersonbrenda.com\/wp-content\/uploads\/2023\/07\/IMG_5181.jpg\" data-width=\"220\" data-height=\"143\"><\/span><span><img decoding=\"async\" alt=\"\" data-id=\"5267\" width=\"220\" data-init-width=\"2560\" height=\"147\" data-init-height=\"1707\" title=\"IMG_6809\" loading=\"lazy\" src=\"http:\/\/andersonbrenda.com\/wp-content\/uploads\/2023\/07\/IMG_6809-scaled.jpg\" data-width=\"220\" data-height=\"147\"><\/span><span><img decoding=\"async\" alt=\"\" data-id=\"5268\" width=\"220\" data-init-width=\"2560\" height=\"147\" data-init-height=\"1707\" title=\"IMG_7169\" loading=\"lazy\" src=\"http:\/\/andersonbrenda.com\/wp-content\/uploads\/2023\/07\/IMG_7169-scaled.jpg\" data-width=\"220\" data-height=\"147\"><\/span><span><img decoding=\"async\" alt=\"\" data-id=\"5269\" width=\"220\" data-init-width=\"2560\" height=\"147\" data-init-height=\"1707\" title=\"IMG_0010\" loading=\"lazy\" src=\"http:\/\/andersonbrenda.com\/wp-content\/uploads\/2023\/07\/IMG_0010-scaled.jpg\" data-width=\"220\" data-height=\"147\"><\/span><span><img decoding=\"async\" alt=\"\" data-id=\"5270\" width=\"220\" data-init-width=\"2560\" height=\"147\" data-init-height=\"1707\" title=\"IMG_0337\" loading=\"lazy\" src=\"http:\/\/andersonbrenda.com\/wp-content\/uploads\/2023\/07\/IMG_0337-scaled.jpg\" data-width=\"220\" data-height=\"147\" style=\"\"><\/span><span><img decoding=\"async\" alt=\"\" data-id=\"5271\" width=\"220\" data-init-width=\"2328\" height=\"150\" data-init-height=\"1591\" title=\"IMG_0859\" loading=\"lazy\" src=\"http:\/\/andersonbrenda.com\/wp-content\/uploads\/2023\/07\/IMG_0859.jpg\" data-width=\"220\" data-height=\"150\"><\/span><span style=\"\"><img decoding=\"async\" alt=\"\" data-id=\"5272\" width=\"251\" data-init-width=\"2511\" height=\"148\" data-init-height=\"1483\" title=\"IMG_3981\" loading=\"lazy\" src=\"http:\/\/andersonbrenda.com\/wp-content\/uploads\/2023\/07\/IMG_3981.jpg\" data-width=\"251\" data-height=\"148\" style=\"\" ml-d=\"-1.6879999999999882\"><\/span><\/p>\n<h3 style=\"text-align: center;\">Frequently asked questions<\/h3>\n<p style=\"text-align: center;\">Doubts? <a href=\"#tve-jump-1849fdee1cd\" jump-animation=\"smooth\" style=\"outline: none;\">Check our FAQ above<\/a><\/p>\n<p>[tcb-script src=&#8221;https:\/\/lets.events\/js\/lets.widget.js\/reveillon-em-uberlandia-2022\/&#8221; type=&#8221;text\/javascript&#8221;][\/tcb-script]<span style=\"\"><img decoding=\"async\" alt=\"\" data-id=\"4893\" width=\"0\" data-init-width=\"612\" height=\"0\" data-init-height=\"408\" title=\"Anderson_e_Brenda___132_-removebg-preview\" loading=\"lazy\" src=\"http:\/\/andersonbrenda.com\/wp-content\/uploads\/2022\/11\/Anderson_e_Brenda___132_-removebg-preview.png\" style=\"\" data-width=\"0\" data-height=\"0\" ml-m=\"-34.11200000000002\"><\/span><\/p>","protected":false},"excerpt":{"rendered":"<p>Voc\u00ea acaba de ganhar R$400 de desconto no OFERTA V\u00c1LIDA APENAS PARA PARTICIPANTES DO AL\u00c9M DA DAN\u00c7A(AT\u00c9 11 DE AGOSTO\/2023) ou&nbsp;Me inscrevendo sozinho(a) Quando \u00e9? 29 de Dezembro 2023 a 02 de Janeiro de 2024 Uma proposta para come\u00e7ar o ano renovando as energias, colocando a aten\u00e7\u00e3o naquilo que voc\u00ea quer que cres\u00e7a em sua [&hellip;]<\/p>","protected":false},"author":1,"featured_media":0,"parent":0,"menu_order":0,"comment_status":"closed","ping_status":"closed","template":"","meta":{"footnotes":""},"class_list":["post-5260","page","type-page","status-publish","hentry"],"_links":{"self":[{"href":"https:\/\/andersonbrenda.com\/en\/wp-json\/wp\/v2\/pages\/5260"}],"collection":[{"href":"https:\/\/andersonbrenda.com\/en\/wp-json\/wp\/v2\/pages"}],"about":[{"href":"https:\/\/andersonbrenda.com\/en\/wp-json\/wp\/v2\/types\/page"}],"author":[{"embeddable":true,"href":"https:\/\/andersonbrenda.com\/en\/wp-json\/wp\/v2\/users\/1"}],"replies":[{"embeddable":true,"href":"https:\/\/andersonbrenda.com\/en\/wp-json\/wp\/v2\/comments?post=5260"}],"version-history":[{"count":13,"href":"https:\/\/andersonbrenda.com\/en\/wp-json\/wp\/v2\/pages\/5260\/revisions"}],"predecessor-version":[{"id":5283,"href":"https:\/\/andersonbrenda.com\/en\/wp-json\/wp\/v2\/pages\/5260\/revisions\/5283"}],"wp:attachment":[{"href":"https:\/\/andersonbrenda.com\/en\/wp-json\/wp\/v2\/media?parent=5260"}],"curies":[{"name":"wp","href":"https:\/\/api.w.org\/{rel}","templated":true}]}}