{"id":4971,"date":"2022-12-20T14:40:42","date_gmt":"2022-12-20T17:40:42","guid":{"rendered":"http:\/\/andersonbrenda.com\/?page_id=4971"},"modified":"2024-09-25T11:32:49","modified_gmt":"2024-09-25T14:32:49","slug":"reveillon-em-uberlandia-com-anderson-e-brenda-de-2024-para-2025","status":"publish","type":"page","link":"https:\/\/andersonbrenda.com\/en\/reveillon-em-uberlandia-com-anderson-e-brenda-de-2024-para-2025\/","title":{"rendered":"Reveillon em Uberl\u00e2ndia com Anderson e Brenda de 2024 para 2025"},"content":{"rendered":"<p><span style=\"\"><img loading=\"lazy\" decoding=\"async\" alt=\"\" data-id=\"4889\" width=\"496\" data-init-width=\"953\" height=\"265\" data-init-height=\"510\" title=\"logoReveillon\" src=\"https:\/\/andersonbrenda.com\/wp-content\/uploads\/2022\/11\/logoReveillon.png\" data-width=\"496\" data-height=\"265\" style=\"\" mt-d=\"-3.4540000000000077\" ml-d=\"0\" mt-m=\"-1.7379999999999995\" ml-m=\"-0.5\"><\/span><\/p>\n<p style=\"text-align: center;\"><strong><span style=\"--tcb-applied-color:rgb(0, 0, 0)  !important;\">29 de Dezembro 2024 a 02 de Janeiro de 2025<\/span><\/strong><\/p>\n<p style=\"text-align: center;\"><strong>O Rei Le\u00e3o n\u00e3o \u00e9 um congresso ou festival.As atividades propostas s\u00e3o pensadas no intuito de criar um espa\u00e7o seguro para todos poderem &#8220;ser&#8221; em indiv\u00edduo e comunidade durante esses dias. Uma das inten\u00e7\u00f5es do rei le\u00e3o \u00e9 fechar o ciclo do ano que est\u00e1 se encerrando e iniciar o pr\u00f3ximo com boas energias. Celebrar a vida atrav\u00e9s da simplicidade e conex\u00e3o consigo e com o todo. <\/strong><\/p>\n<p style=\"text-align: center;\"><strong>[ More details below ]<\/strong><\/p>\n<p style=\"text-align: center;\"><strong>Check the video and more information below&nbsp;<\/strong><\/p>\n<h3 style=\"text-align: center;\">Frequently asked questions<\/h3>\n<p style=\"text-align: center;\">Doubts? <a href=\"#tve-jump-1849fdee1cd\" jump-animation=\"smooth\" style=\"outline: none;\">Check our FAQ above<\/a><\/p>\n<p><span style=\"\"><img decoding=\"async\" alt=\"\" data-id=\"4893\" width=\"0\" data-init-width=\"612\" height=\"0\" data-init-height=\"408\" title=\"Anderson_e_Brenda___132_-removebg-preview\" loading=\"lazy\" src=\"https:\/\/andersonbrenda.com\/wp-content\/uploads\/2022\/11\/Anderson_e_Brenda___132_-removebg-preview.png\" style=\"\" data-width=\"0\" data-height=\"0\" ml-m=\"-34.11200000000002\"><\/span><\/p>","protected":false},"excerpt":{"rendered":"<p>29 de Dezembro 2024 a 02 de Janeiro de 2025 O Rei Le\u00e3o n\u00e3o \u00e9 um congresso ou festival.As atividades propostas s\u00e3o pensadas no intuito de criar um espa\u00e7o seguro para todos poderem &#8220;ser&#8221; em indiv\u00edduo e comunidade durante esses dias. Uma das inten\u00e7\u00f5es do rei le\u00e3o \u00e9 fechar o ciclo do ano que est\u00e1 [&hellip;]<\/p>","protected":false},"author":1,"featured_media":0,"parent":0,"menu_order":0,"comment_status":"closed","ping_status":"closed","template":"","meta":{"footnotes":""},"class_list":["post-4971","page","type-page","status-publish","hentry"],"_links":{"self":[{"href":"https:\/\/andersonbrenda.com\/en\/wp-json\/wp\/v2\/pages\/4971"}],"collection":[{"href":"https:\/\/andersonbrenda.com\/en\/wp-json\/wp\/v2\/pages"}],"about":[{"href":"https:\/\/andersonbrenda.com\/en\/wp-json\/wp\/v2\/types\/page"}],"author":[{"embeddable":true,"href":"https:\/\/andersonbrenda.com\/en\/wp-json\/wp\/v2\/users\/1"}],"replies":[{"embeddable":true,"href":"https:\/\/andersonbrenda.com\/en\/wp-json\/wp\/v2\/comments?post=4971"}],"version-history":[{"count":15,"href":"https:\/\/andersonbrenda.com\/en\/wp-json\/wp\/v2\/pages\/4971\/revisions"}],"predecessor-version":[{"id":5627,"href":"https:\/\/andersonbrenda.com\/en\/wp-json\/wp\/v2\/pages\/4971\/revisions\/5627"}],"wp:attachment":[{"href":"https:\/\/andersonbrenda.com\/en\/wp-json\/wp\/v2\/media?parent=4971"}],"curies":[{"name":"wp","href":"https:\/\/api.w.org\/{rel}","templated":true}]}}