{"id":4872,"date":"2022-11-21T10:00:47","date_gmt":"2022-11-21T13:00:47","guid":{"rendered":"http:\/\/andersonbrenda.com\/?page_id=4872"},"modified":"2024-08-14T11:43:04","modified_gmt":"2024-08-14T14:43:04","slug":"reveillon-em-uberlandia-com-anderson-e-brenda","status":"publish","type":"page","link":"https:\/\/andersonbrenda.com\/en\/reveillon-em-uberlandia-com-anderson-e-brenda\/","title":{"rendered":"Reveillon em Uberl\u00e2ndia com Anderson e Brenda"},"content":{"rendered":"<p><span style=\"\"><img decoding=\"async\" alt=\"\" data-id=\"4889\" width=\"496\" data-init-width=\"953\" height=\"265\" data-init-height=\"510\" title=\"logoReveillon\" loading=\"lazy\" src=\"https:\/\/andersonbrenda.com\/wp-content\/uploads\/2022\/11\/logoReveillon.png\" data-width=\"496\" data-height=\"265\" style=\"\" mt-d=\"-3.4540000000000077\" ml-d=\"0\" mt-m=\"-1.7379999999999995\" ml-m=\"-0.5\"><\/span><\/p>\n<p style=\"text-align: center;\"><strong><span style=\"--tcb-applied-color:rgb(0, 0, 0)  !important;\">29 de Dezembro a 02 de Janeiro<\/span><\/strong><\/p>\n<p style=\"text-align: center;\"><strong>Uma proposta para come\u00e7ar o ano renovando as energias, colocando a aten\u00e7\u00e3o naquilo que voc\u00ea quer que cres\u00e7a em sua vida. Agradecendo por cada minuto e vivendo o momento.O R\u00e9veillon, carinhosamente apelidado de Rei Le\u00e3o (pra ficar mais f\u00e1cil de falar mesmo) \u00e9 a forma que escolhemos passar o ano, nos conectando com as pessoas e renovando as energias.<\/strong><\/p>\n<p style=\"text-align: center;\"><strong>[ More details below ]<\/strong><\/p>\n<p style=\"text-align: center;\"><strong>Check the video and more information below&nbsp;<\/strong><\/p>\n<h3 style=\"text-align: center;\">Frequently asked questions<\/h3>\n<p style=\"text-align: center;\">Doubts? <a href=\"#tve-jump-1849fdee1cd\" jump-animation=\"smooth\">Check our FAQ above<\/a><\/p>\n<p><span style=\"\"><img decoding=\"async\" alt=\"\" data-id=\"4893\" width=\"0\" data-init-width=\"612\" height=\"0\" data-init-height=\"408\" title=\"Anderson_e_Brenda___132_-removebg-preview\" loading=\"lazy\" src=\"https:\/\/andersonbrenda.com\/wp-content\/uploads\/2022\/11\/Anderson_e_Brenda___132_-removebg-preview.png\" style=\"\" data-width=\"0\" data-height=\"0\" ml-m=\"-34.11200000000002\"><\/span><\/p>","protected":false},"excerpt":{"rendered":"<p>29 de Dezembro a 02 de Janeiro Uma proposta para come\u00e7ar o ano renovando as energias, colocando a aten\u00e7\u00e3o naquilo que voc\u00ea quer que cres\u00e7a em sua vida. Agradecendo por cada minuto e vivendo o momento.O R\u00e9veillon, carinhosamente apelidado de Rei Le\u00e3o (pra ficar mais f\u00e1cil de falar mesmo) \u00e9 a forma que escolhemos passar [&hellip;]<\/p>","protected":false},"author":1,"featured_media":0,"parent":0,"menu_order":0,"comment_status":"closed","ping_status":"closed","template":"","meta":{"footnotes":""},"class_list":["post-4872","page","type-page","status-publish","hentry"],"_links":{"self":[{"href":"https:\/\/andersonbrenda.com\/en\/wp-json\/wp\/v2\/pages\/4872"}],"collection":[{"href":"https:\/\/andersonbrenda.com\/en\/wp-json\/wp\/v2\/pages"}],"about":[{"href":"https:\/\/andersonbrenda.com\/en\/wp-json\/wp\/v2\/types\/page"}],"author":[{"embeddable":true,"href":"https:\/\/andersonbrenda.com\/en\/wp-json\/wp\/v2\/users\/1"}],"replies":[{"embeddable":true,"href":"https:\/\/andersonbrenda.com\/en\/wp-json\/wp\/v2\/comments?post=4872"}],"version-history":[{"count":9,"href":"https:\/\/andersonbrenda.com\/en\/wp-json\/wp\/v2\/pages\/4872\/revisions"}],"predecessor-version":[{"id":5553,"href":"https:\/\/andersonbrenda.com\/en\/wp-json\/wp\/v2\/pages\/4872\/revisions\/5553"}],"wp:attachment":[{"href":"https:\/\/andersonbrenda.com\/en\/wp-json\/wp\/v2\/media?parent=4872"}],"curies":[{"name":"wp","href":"https:\/\/api.w.org\/{rel}","templated":true}]}}